{"id":799,"date":"2024-09-06T11:27:23","date_gmt":"2024-09-06T11:27:23","guid":{"rendered":"https:\/\/knowledge.customerheartbeat.com\/integron-wissensdatenbank\/"},"modified":"2024-09-16T08:11:51","modified_gmt":"2024-09-16T08:11:51","slug":"integron-wissensdatenbank","status":"publish","type":"page","link":"https:\/\/www.knowledge.customerheartbeat.com\/de\/","title":{"rendered":"Integron Wissensdatenbank"},"content":{"rendered":"<p><div class=\"fusion-fullwidth fullwidth-box fusion-builder-row-1 fusion-flex-container has-pattern-background has-mask-background nonhundred-percent-fullwidth non-hundred-percent-height-scrolling\" style=\"--awb-border-radius-top-left:0px;--awb-border-radius-top-right:0px;--awb-border-radius-bottom-right:0px;--awb-border-radius-bottom-left:0px;--awb-padding-top:60px;--awb-padding-bottom:60px;--awb-background-color:#3e3d88;--awb-flex-wrap:wrap;\" ><div class=\"fusion-builder-row fusion-row fusion-flex-align-items-center fusion-flex-justify-content-space-between fusion-flex-content-wrap\" style=\"max-width:1248px;margin-left: calc(-4% \/ 2 );margin-right: calc(-4% \/ 2 );\"><div class=\"fusion-layout-column fusion_builder_column fusion-builder-column-0 fusion_builder_column_1_2 1_2 fusion-flex-column\" style=\"--awb-bg-size:cover;--awb-width-large:50%;--awb-margin-top-large:0px;--awb-spacing-right-large:3.84%;--awb-margin-bottom-large:0px;--awb-spacing-left-large:3.84%;--awb-width-medium:50%;--awb-order-medium:0;--awb-spacing-right-medium:3.84%;--awb-spacing-left-medium:3.84%;--awb-width-small:100%;--awb-order-small:0;--awb-spacing-right-small:1.92%;--awb-spacing-left-small:1.92%;\" data-scroll-devices=\"small-visibility,medium-visibility,large-visibility\"><div class=\"fusion-column-wrapper fusion-column-has-shadow fusion-flex-justify-content-flex-start fusion-content-layout-column\"><div class=\"fusion-title title fusion-title-1 fusion-sep-none fusion-title-text fusion-title-size-one\" style=\"--awb-text-color:var(--awb-color1);--awb-margin-top:0px;--awb-margin-bottom:20px;\"><h1 class=\"fusion-title-heading title-heading-left\" style=\"margin:0;\">Integron Wissensdatenbank<\/h1><\/div><div class=\"fusion-text fusion-text-1 fusion-text-no-margin\" style=\"--awb-font-size:20px;--awb-line-height:1.8em;--awb-text-color:var(--awb-color1);--awb-margin-top:0px;--awb-margin-bottom:0px;\"><p>Willkommen in unserer Wissensdatenbank. Hier finden Sie eine umfassende Sammlung von Artikeln, Tipps und Strategien, um mit Ihren Ergebnissen zu beginnen. M\u00f6chten Sie mehr \u00fcber unsere Methodik, Arbeitsbelastung oder Belastbarkeit erfahren? Keine Sorge, wir werden Ihnen helfen.<\/p>\n<\/div><\/div><\/div><div class=\"fusion-layout-column fusion_builder_column fusion-builder-column-1 fusion_builder_column_1_2 1_2 fusion-flex-column\" style=\"--awb-bg-size:cover;--awb-width-large:50%;--awb-margin-top-large:0px;--awb-spacing-right-large:3.84%;--awb-margin-bottom-large:0px;--awb-spacing-left-large:3.84%;--awb-width-medium:50%;--awb-order-medium:0;--awb-spacing-right-medium:3.84%;--awb-spacing-left-medium:3.84%;--awb-width-small:100%;--awb-order-small:0;--awb-spacing-right-small:1.92%;--awb-spacing-left-small:1.92%;\" data-scroll-devices=\"small-visibility,medium-visibility,large-visibility\"><div class=\"fusion-column-wrapper fusion-column-has-shadow fusion-flex-justify-content-flex-start fusion-content-layout-column\"><div class=\"fusion-image-element \" style=\"--awb-caption-title-font-family:var(--h2_typography-font-family);--awb-caption-title-font-weight:var(--h2_typography-font-weight);--awb-caption-title-font-style:var(--h2_typography-font-style);--awb-caption-title-size:var(--h2_typography-font-size);--awb-caption-title-transform:var(--h2_typography-text-transform);--awb-caption-title-line-height:var(--h2_typography-line-height);--awb-caption-title-letter-spacing:var(--h2_typography-letter-spacing);\"><span class=\" fusion-imageframe imageframe-none imageframe-1 hover-type-none\"><img decoding=\"async\" width=\"850\" height=\"727\" title=\"Kennisbank\" src=\"http:\/\/knowledge.customerheartbeat.com\/wp-content\/uploads\/2024\/07\/Kennisbank.svg\" alt class=\"img-responsive wp-image-30\"\/><\/span><\/div><\/div><\/div><\/div><\/div><div class=\"fusion-fullwidth fullwidth-box fusion-builder-row-2 fusion-flex-container has-pattern-background has-mask-background nonhundred-percent-fullwidth non-hundred-percent-height-scrolling\" style=\"--awb-border-radius-top-left:0px;--awb-border-radius-top-right:0px;--awb-border-radius-bottom-right:0px;--awb-border-radius-bottom-left:0px;--awb-padding-top:60px;--awb-padding-bottom:60px;--awb-background-color:var(--awb-color6);--awb-flex-wrap:wrap;\" ><div class=\"fusion-builder-row fusion-row fusion-flex-align-items-flex-start fusion-flex-content-wrap\" style=\"max-width:1248px;margin-left: calc(-4% \/ 2 );margin-right: calc(-4% \/ 2 );\"><div class=\"fusion-layout-column fusion_builder_column fusion-builder-column-2 fusion_builder_column_1_1 1_1 fusion-flex-column\" style=\"--awb-bg-size:cover;--awb-width-large:100%;--awb-margin-top-large:0px;--awb-spacing-right-large:1.92%;--awb-margin-bottom-large:20px;--awb-spacing-left-large:1.92%;--awb-width-medium:100%;--awb-order-medium:0;--awb-spacing-right-medium:1.92%;--awb-spacing-left-medium:1.92%;--awb-width-small:100%;--awb-order-small:0;--awb-spacing-right-small:1.92%;--awb-spacing-left-small:1.92%;\"><div class=\"fusion-column-wrapper fusion-column-has-shadow fusion-flex-justify-content-flex-start fusion-content-layout-column\"><div class=\"fusion-title title fusion-title-2 fusion-sep-none fusion-title-center fusion-title-text fusion-title-size-two\" style=\"--awb-text-color:var(--awb-color1);--awb-margin-top:0px;--awb-margin-bottom:20px;--awb-font-size:42px;\"><h2 class=\"fusion-title-heading title-heading-center\" style=\"font-family:&quot;gastromond&quot;;font-style:normal;font-weight:400;margin:0;font-size:1em;\">Wor\u00fcber m\u00f6chten Sie mehr erfahren?<\/h2><\/div><\/div><\/div><div class=\"fusion-layout-column fusion_builder_column fusion-builder-column-3 fusion_builder_column_1_2 1_2 fusion-flex-column fusion-column-inner-bg-wrapper\" style=\"--awb-overflow:hidden;--awb-inner-bg-color:var(--awb-color6);--awb-inner-bg-color-hover:var(--awb-color7);--awb-inner-bg-size:cover;--awb-border-radius:10px 10px 10px 10px;--awb-inner-bg-border-radius:10px 10px 10px 10px;--awb-inner-bg-overflow:hidden;--awb-width-large:50%;--awb-margin-top-large:0px;--awb-spacing-right-large:3.84%;--awb-margin-bottom-large:20px;--awb-spacing-left-large:3.84%;--awb-width-medium:50%;--awb-order-medium:0;--awb-spacing-right-medium:3.84%;--awb-spacing-left-medium:3.84%;--awb-width-small:100%;--awb-order-small:0;--awb-spacing-right-small:1.92%;--awb-spacing-left-small:1.92%;\" data-scroll-devices=\"small-visibility,medium-visibility,large-visibility\"><span class=\"fusion-column-inner-bg hover-type-none\"><a class=\"fusion-column-anchor\" href=\"https:\/\/knowledge.customerheartbeat.com\/de\/kundenerlebnis\/\"><span class=\"fusion-column-inner-bg-image\"><\/span><\/a><\/span><div class=\"fusion-column-wrapper fusion-column-has-shadow fusion-flex-justify-content-flex-start fusion-content-layout-column\"><div class=\"fusion-image-element \" style=\"--awb-caption-title-font-family:var(--h2_typography-font-family);--awb-caption-title-font-weight:var(--h2_typography-font-weight);--awb-caption-title-font-style:var(--h2_typography-font-style);--awb-caption-title-size:var(--h2_typography-font-size);--awb-caption-title-transform:var(--h2_typography-text-transform);--awb-caption-title-line-height:var(--h2_typography-line-height);--awb-caption-title-letter-spacing:var(--h2_typography-letter-spacing);\"><span class=\" fusion-imageframe imageframe-none imageframe-2 hover-type-none\" style=\"border-radius:10px;\"><img decoding=\"async\" width=\"1500\" height=\"840\" title=\"Klantbeleving\" src=\"http:\/\/knowledge.customerheartbeat.com\/wp-content\/uploads\/2024\/09\/Klantbeleving.webp\" alt class=\"img-responsive wp-image-985\" srcset=\"https:\/\/www.knowledge.customerheartbeat.com\/wp-content\/uploads\/2024\/09\/Klantbeleving-200x112.webp 200w, https:\/\/www.knowledge.customerheartbeat.com\/wp-content\/uploads\/2024\/09\/Klantbeleving-300x168.webp 300w, https:\/\/www.knowledge.customerheartbeat.com\/wp-content\/uploads\/2024\/09\/Klantbeleving-400x224.webp 400w, https:\/\/www.knowledge.customerheartbeat.com\/wp-content\/uploads\/2024\/09\/Klantbeleving-600x336.webp 600w, https:\/\/www.knowledge.customerheartbeat.com\/wp-content\/uploads\/2024\/09\/Klantbeleving-768x430.webp 768w, https:\/\/www.knowledge.customerheartbeat.com\/wp-content\/uploads\/2024\/09\/Klantbeleving-800x448.webp 800w, https:\/\/www.knowledge.customerheartbeat.com\/wp-content\/uploads\/2024\/09\/Klantbeleving-1024x573.webp 1024w, https:\/\/www.knowledge.customerheartbeat.com\/wp-content\/uploads\/2024\/09\/Klantbeleving-1200x672.webp 1200w, https:\/\/www.knowledge.customerheartbeat.com\/wp-content\/uploads\/2024\/09\/Klantbeleving.webp 1500w\" sizes=\"(max-width: 640px) 100vw, 600px\" \/><\/span><\/div><div class=\"fusion-text fusion-text-2 fusion-text-no-margin\" style=\"--awb-text-color:var(--awb-color1);--awb-margin-top:20px;--awb-margin-right:20px;--awb-margin-bottom:20px;--awb-margin-left:20px;\"><h2><span style=\"color: #ffffff;\">Kundenerlebnis<\/span><\/h2>\n<p><span style=\"color: #ffffff;\">Die Umfrage ist abgeschlossen. Die Ergebnisse sind bekannt. Zeit, weiterzumachen. Aber wie? Das Dashboard ist vollgepackt mit Informationen und die Zahlen fliegen Ihnen wahrscheinlich um die Ohren. Wo sollen Sie nur anfangen? Machen Sie sich keine Sorgen. Mit dieser Wissensdatenbank werden wir Ihnen helfen.<\/span><\/p>\n<\/div><\/div><\/div><div class=\"fusion-layout-column fusion_builder_column fusion-builder-column-4 fusion_builder_column_1_2 1_2 fusion-flex-column fusion-column-inner-bg-wrapper\" style=\"--awb-overflow:hidden;--awb-inner-bg-color:var(--awb-color6);--awb-inner-bg-color-hover:var(--awb-color7);--awb-inner-bg-size:cover;--awb-border-radius:10px 10px 10px 10px;--awb-inner-bg-border-radius:10px 10px 10px 10px;--awb-inner-bg-overflow:hidden;--awb-width-large:50%;--awb-margin-top-large:0px;--awb-spacing-right-large:3.84%;--awb-margin-bottom-large:20px;--awb-spacing-left-large:3.84%;--awb-width-medium:50%;--awb-order-medium:0;--awb-spacing-right-medium:3.84%;--awb-spacing-left-medium:3.84%;--awb-width-small:100%;--awb-order-small:0;--awb-spacing-right-small:1.92%;--awb-spacing-left-small:1.92%;\" data-scroll-devices=\"small-visibility,medium-visibility,large-visibility\"><span class=\"fusion-column-inner-bg hover-type-none\"><a class=\"fusion-column-anchor\" href=\"https:\/\/knowledge.customerheartbeat.com\/de\/erfahrung-der-mitarbeiter\/\"><span class=\"fusion-column-inner-bg-image\"><\/span><\/a><\/span><div class=\"fusion-column-wrapper fusion-column-has-shadow fusion-flex-justify-content-flex-start fusion-content-layout-column\"><div class=\"fusion-image-element \" style=\"--awb-caption-title-font-family:var(--h2_typography-font-family);--awb-caption-title-font-weight:var(--h2_typography-font-weight);--awb-caption-title-font-style:var(--h2_typography-font-style);--awb-caption-title-size:var(--h2_typography-font-size);--awb-caption-title-transform:var(--h2_typography-text-transform);--awb-caption-title-line-height:var(--h2_typography-line-height);--awb-caption-title-letter-spacing:var(--h2_typography-letter-spacing);\"><span class=\" fusion-imageframe imageframe-none imageframe-3 hover-type-none\" style=\"border-radius:10px;\"><img decoding=\"async\" width=\"1500\" height=\"840\" title=\"Medewerkerbeleving\" src=\"http:\/\/knowledge.customerheartbeat.com\/wp-content\/uploads\/2024\/09\/Medewerkerbeleving.webp\" alt class=\"img-responsive wp-image-988\" srcset=\"https:\/\/www.knowledge.customerheartbeat.com\/wp-content\/uploads\/2024\/09\/Medewerkerbeleving-200x112.webp 200w, https:\/\/www.knowledge.customerheartbeat.com\/wp-content\/uploads\/2024\/09\/Medewerkerbeleving-300x168.webp 300w, https:\/\/www.knowledge.customerheartbeat.com\/wp-content\/uploads\/2024\/09\/Medewerkerbeleving-400x224.webp 400w, https:\/\/www.knowledge.customerheartbeat.com\/wp-content\/uploads\/2024\/09\/Medewerkerbeleving-600x336.webp 600w, https:\/\/www.knowledge.customerheartbeat.com\/wp-content\/uploads\/2024\/09\/Medewerkerbeleving-768x430.webp 768w, https:\/\/www.knowledge.customerheartbeat.com\/wp-content\/uploads\/2024\/09\/Medewerkerbeleving-800x448.webp 800w, https:\/\/www.knowledge.customerheartbeat.com\/wp-content\/uploads\/2024\/09\/Medewerkerbeleving-1024x573.webp 1024w, https:\/\/www.knowledge.customerheartbeat.com\/wp-content\/uploads\/2024\/09\/Medewerkerbeleving-1200x672.webp 1200w, https:\/\/www.knowledge.customerheartbeat.com\/wp-content\/uploads\/2024\/09\/Medewerkerbeleving.webp 1500w\" sizes=\"(max-width: 640px) 100vw, 600px\" \/><\/span><\/div><div class=\"fusion-text fusion-text-3 fusion-text-no-margin\" style=\"--awb-text-color:var(--awb-color1);--awb-margin-top:20px;--awb-margin-right:20px;--awb-margin-bottom:20px;--awb-margin-left:20px;\"><h2><span style=\"color: #ffffff;\">Erfahrung der Mitarbeiter<\/span><\/h2>\n<p><span style=\"color: #ffffff;\">Die Umfrage ist abgeschlossen. Die Ergebnisse sind bekannt. Es ist Zeit, damit weiterzumachen. Aber wie? Das Dashboard ist vollgepackt mit Informationen und die Zahlen fliegen Ihnen wahrscheinlich um die Ohren. Wo sollen Sie nur anfangen? Machen Sie sich keine Sorgen. Mit dieser Wissensdatenbank werden wir Ihnen helfen. <\/span><\/p>\n<\/div><\/div><\/div><div class=\"fusion-layout-column fusion_builder_column fusion-builder-column-5 fusion_builder_column_1_2 1_2 fusion-flex-column fusion-column-inner-bg-wrapper\" style=\"--awb-overflow:hidden;--awb-inner-bg-color:var(--awb-color6);--awb-inner-bg-color-hover:var(--awb-color7);--awb-inner-bg-size:cover;--awb-border-radius:10px 10px 10px 10px;--awb-inner-bg-border-radius:10px 10px 10px 10px;--awb-inner-bg-overflow:hidden;--awb-width-large:50%;--awb-margin-top-large:0px;--awb-spacing-right-large:3.84%;--awb-margin-bottom-large:20px;--awb-spacing-left-large:3.84%;--awb-width-medium:50%;--awb-order-medium:0;--awb-spacing-right-medium:3.84%;--awb-spacing-left-medium:3.84%;--awb-width-small:100%;--awb-order-small:0;--awb-spacing-right-small:1.92%;--awb-spacing-left-small:1.92%;\" data-scroll-devices=\"small-visibility,medium-visibility,large-visibility\"><span class=\"fusion-column-inner-bg hover-type-none\"><a class=\"fusion-column-anchor\" href=\"https:\/\/knowledge.customerheartbeat.com\/de\/widerstandsfaehigkeit\/\"><span class=\"fusion-column-inner-bg-image\"><\/span><\/a><\/span><div class=\"fusion-column-wrapper fusion-column-has-shadow fusion-flex-justify-content-flex-start fusion-content-layout-column\"><div class=\"fusion-image-element \" style=\"--awb-caption-title-font-family:var(--h2_typography-font-family);--awb-caption-title-font-weight:var(--h2_typography-font-weight);--awb-caption-title-font-style:var(--h2_typography-font-style);--awb-caption-title-size:var(--h2_typography-font-size);--awb-caption-title-transform:var(--h2_typography-text-transform);--awb-caption-title-line-height:var(--h2_typography-line-height);--awb-caption-title-letter-spacing:var(--h2_typography-letter-spacing);\"><span class=\" fusion-imageframe imageframe-none imageframe-4 hover-type-none\" style=\"border-radius:10px;\"><img decoding=\"async\" width=\"1500\" height=\"840\" title=\"Veerkracht\" src=\"http:\/\/knowledge.customerheartbeat.com\/wp-content\/uploads\/2024\/09\/Veerkracht.webp\" alt class=\"img-responsive wp-image-980\" srcset=\"https:\/\/www.knowledge.customerheartbeat.com\/wp-content\/uploads\/2024\/09\/Veerkracht-200x112.webp 200w, https:\/\/www.knowledge.customerheartbeat.com\/wp-content\/uploads\/2024\/09\/Veerkracht-300x168.webp 300w, https:\/\/www.knowledge.customerheartbeat.com\/wp-content\/uploads\/2024\/09\/Veerkracht-400x224.webp 400w, https:\/\/www.knowledge.customerheartbeat.com\/wp-content\/uploads\/2024\/09\/Veerkracht-600x336.webp 600w, https:\/\/www.knowledge.customerheartbeat.com\/wp-content\/uploads\/2024\/09\/Veerkracht-768x430.webp 768w, https:\/\/www.knowledge.customerheartbeat.com\/wp-content\/uploads\/2024\/09\/Veerkracht-800x448.webp 800w, https:\/\/www.knowledge.customerheartbeat.com\/wp-content\/uploads\/2024\/09\/Veerkracht-1024x573.webp 1024w, https:\/\/www.knowledge.customerheartbeat.com\/wp-content\/uploads\/2024\/09\/Veerkracht-1200x672.webp 1200w, https:\/\/www.knowledge.customerheartbeat.com\/wp-content\/uploads\/2024\/09\/Veerkracht.webp 1500w\" sizes=\"(max-width: 640px) 100vw, 600px\" \/><\/span><\/div><div class=\"fusion-text fusion-text-4 fusion-text-no-margin\" style=\"--awb-text-color:var(--awb-color1);--awb-margin-top:20px;--awb-margin-right:20px;--awb-margin-bottom:20px;--awb-margin-left:20px;\"><h2><span style=\"color: #ffffff;\">Widerstandsf\u00e4higkeit<\/span><\/h2>\n<p><span style=\"color: #ffffff;\">Resilienz ist die F\u00e4higkeit, Widrigkeiten zu \u00fcberstehen und gest\u00e4rkt daraus hervorzugehen. In dieser Wissensdatenbank erfahren Sie alles dar\u00fcber, was Resilienz und der Resilienz-Monitor von Integron sind. Gemeinsam werden wir sicherstellen, dass Ihr Team resilient bleibt, egal welche Herausforderungen auf es zukommen.<\/span><\/p>\n<\/div><\/div><\/div><div class=\"fusion-layout-column fusion_builder_column fusion-builder-column-6 fusion_builder_column_1_2 1_2 fusion-flex-column fusion-column-inner-bg-wrapper\" style=\"--awb-overflow:hidden;--awb-inner-bg-color:var(--awb-color6);--awb-inner-bg-color-hover:var(--awb-color7);--awb-inner-bg-size:cover;--awb-border-radius:10px 10px 10px 10px;--awb-inner-bg-border-radius:10px 10px 10px 10px;--awb-inner-bg-overflow:hidden;--awb-width-large:50%;--awb-margin-top-large:0px;--awb-spacing-right-large:3.84%;--awb-margin-bottom-large:20px;--awb-spacing-left-large:3.84%;--awb-width-medium:50%;--awb-order-medium:0;--awb-spacing-right-medium:3.84%;--awb-spacing-left-medium:3.84%;--awb-width-small:100%;--awb-order-small:0;--awb-spacing-right-small:1.92%;--awb-spacing-left-small:1.92%;\" data-scroll-devices=\"small-visibility,medium-visibility,large-visibility\"><span class=\"fusion-column-inner-bg hover-type-none\"><a class=\"fusion-column-anchor\" href=\"https:\/\/knowledge.customerheartbeat.com\/de\/workload-monitor\/\"><span class=\"fusion-column-inner-bg-image\"><\/span><\/a><\/span><div class=\"fusion-column-wrapper fusion-column-has-shadow fusion-flex-justify-content-flex-start fusion-content-layout-column\"><div class=\"fusion-image-element \" style=\"--awb-caption-title-font-family:var(--h2_typography-font-family);--awb-caption-title-font-weight:var(--h2_typography-font-weight);--awb-caption-title-font-style:var(--h2_typography-font-style);--awb-caption-title-size:var(--h2_typography-font-size);--awb-caption-title-transform:var(--h2_typography-text-transform);--awb-caption-title-line-height:var(--h2_typography-line-height);--awb-caption-title-letter-spacing:var(--h2_typography-letter-spacing);\"><span class=\" fusion-imageframe imageframe-none imageframe-5 hover-type-none\" style=\"border-radius:10px;\"><img decoding=\"async\" width=\"1500\" height=\"840\" title=\"Werkdruk\" src=\"http:\/\/knowledge.customerheartbeat.com\/wp-content\/uploads\/2024\/08\/Werkdruk.webp\" alt class=\"img-responsive wp-image-974\" srcset=\"https:\/\/www.knowledge.customerheartbeat.com\/wp-content\/uploads\/2024\/08\/Werkdruk-200x112.webp 200w, https:\/\/www.knowledge.customerheartbeat.com\/wp-content\/uploads\/2024\/08\/Werkdruk-300x168.webp 300w, https:\/\/www.knowledge.customerheartbeat.com\/wp-content\/uploads\/2024\/08\/Werkdruk-400x224.webp 400w, https:\/\/www.knowledge.customerheartbeat.com\/wp-content\/uploads\/2024\/08\/Werkdruk-600x336.webp 600w, https:\/\/www.knowledge.customerheartbeat.com\/wp-content\/uploads\/2024\/08\/Werkdruk-768x430.webp 768w, https:\/\/www.knowledge.customerheartbeat.com\/wp-content\/uploads\/2024\/08\/Werkdruk-800x448.webp 800w, https:\/\/www.knowledge.customerheartbeat.com\/wp-content\/uploads\/2024\/08\/Werkdruk-1024x573.webp 1024w, https:\/\/www.knowledge.customerheartbeat.com\/wp-content\/uploads\/2024\/08\/Werkdruk-1200x672.webp 1200w, https:\/\/www.knowledge.customerheartbeat.com\/wp-content\/uploads\/2024\/08\/Werkdruk.webp 1500w\" sizes=\"(max-width: 640px) 100vw, 600px\" \/><\/span><\/div><div class=\"fusion-text fusion-text-5 fusion-text-no-margin\" style=\"--awb-text-color:var(--awb-color1);--awb-margin-top:20px;--awb-margin-right:20px;--awb-margin-bottom:20px;--awb-margin-left:20px;\"><h2><span style=\"color: #ffffff;\">Workload Monitor<\/span><\/h2>\n<p><span style=\"color: #ffffff;\">Arbeitsdruck ist ein Thema, mit dem Sie jeden Tag umgehen m\u00fcssen. Aber wie erkennen Sie ihn rechtzeitig? Was sind die Anzeichen und wie k\u00f6nnen Sie effektiv damit umgehen? Diese Wissensdatenbank bietet Ihnen eine F\u00fclle von Informationen und praktischen Tipps, wie Sie Arbeitsdruck verstehen und bew\u00e4ltigen k\u00f6nnen. <\/span><\/p>\n<\/div><\/div><\/div><\/div><\/div><\/p>\n","protected":false},"excerpt":{"rendered":"","protected":false},"author":2,"featured_media":0,"parent":0,"menu_order":0,"comment_status":"closed","ping_status":"closed","template":"100-width.php","meta":{"footnotes":""},"class_list":["post-799","page","type-page","status-publish","hentry"],"_links":{"self":[{"href":"https:\/\/www.knowledge.customerheartbeat.com\/de\/wp-json\/wp\/v2\/pages\/799","targetHints":{"allow":["GET"]}}],"collection":[{"href":"https:\/\/www.knowledge.customerheartbeat.com\/de\/wp-json\/wp\/v2\/pages"}],"about":[{"href":"https:\/\/www.knowledge.customerheartbeat.com\/de\/wp-json\/wp\/v2\/types\/page"}],"author":[{"embeddable":true,"href":"https:\/\/www.knowledge.customerheartbeat.com\/de\/wp-json\/wp\/v2\/users\/2"}],"replies":[{"embeddable":true,"href":"https:\/\/www.knowledge.customerheartbeat.com\/de\/wp-json\/wp\/v2\/comments?post=799"}],"version-history":[{"count":5,"href":"https:\/\/www.knowledge.customerheartbeat.com\/de\/wp-json\/wp\/v2\/pages\/799\/revisions"}],"predecessor-version":[{"id":1043,"href":"https:\/\/www.knowledge.customerheartbeat.com\/de\/wp-json\/wp\/v2\/pages\/799\/revisions\/1043"}],"wp:attachment":[{"href":"https:\/\/www.knowledge.customerheartbeat.com\/de\/wp-json\/wp\/v2\/media?parent=799"}],"curies":[{"name":"wp","href":"https:\/\/api.w.org\/{rel}","templated":true}]}}